{"id":57,"date":"2023-02-05T20:52:03","date_gmt":"2023-02-05T19:52:03","guid":{"rendered":"https:\/\/wk.wienerklassik.at\/startseite\/?page_id=57"},"modified":"2025-06-26T21:45:31","modified_gmt":"2025-06-26T19:45:31","slug":"geschichte","status":"publish","type":"page","link":"https:\/\/wk.wienerklassik.at\/startseite\/geschichte\/","title":{"rendered":"Geschichte"},"content":{"rendered":"<div class=\"n2_ss_slider_publish__option_code\" dir=\"ltr\" data-mode=\"id\"><\/div>\n<p>&nbsp;<\/p>\n<p>Das\u00a0<strong>Wienerklassik Orchester<\/strong>\u00a0 wurde im Jahre 1998 von Solisten bedeutendster Wiener Orchester gegr\u00fcndet.<\/p>\n<p>Das Wienerklassik Ensemble hat in jeder Hinsicht einen starken Wien-Bezug: Alle Mitglieder haben hier studiert, alle sind hier bereits seit mehreren Jahren in den wichtigsten und gr\u00f6\u00dften Orchestern t\u00e4tig. In dieser Stadt lernten wir uns kennen und gegenseitig sch\u00e4tzen.<\/p>\n<p>Das Wienerklassik Orchester gab unter anderem an folgenden nationalen und internationalen Spielorten Konzerte:<\/p>\n<p>Wien \u2013\u00a0<em>Wiener Konzerthaus<\/em><br \/>\nSalzburg \u2013\u00a0<em>Mozarteum<\/em><br \/>\nSofia \u2013\u00a0<em>National Palace of Culture<\/em><br \/>\nBukarest \u2013\u00a0<em>Sala Palatului<\/em><br \/>\nAthen \u2013<em>\u00a0Megaron Concert Hall<\/em><br \/>\nThessaloniki \u2013\u00a0<em>Concert Hall<\/em><br \/>\nChina \u2013 Chongqing\u00a0 Vienna International\u00a0 Music Festival \u2013\u00a0<em>Grand Theatre<\/em><br \/>\nRuse \u2013\u00a0<em>Opera<\/em><br \/>\nVeliko Tarnovo \u2013\u00a0<em>Opera<\/em><br \/>\nKomotini \u2013\u00a0<em>Opera<\/em><br \/>\nPlovdiv \u2013\u00a0<em>Opera<\/em><br \/>\nBurgas\u00a0 \u2013\u00a0<em>Opera<\/em><br \/>\nVarna \u2013\u00a0<em>Opera<\/em><br \/>\nDobrich \u2013\u00a0<em>Concert<\/em>\u00a0<em>Hall<\/em><br \/>\nSkopje \u2013\u00a0<em>Performing Arts Center<\/em><br \/>\nItalien Pordenone\u00a0 \u2013\u00a0<em>Teatro Comunale Giuseppe Verdi<\/em><br \/>\nPolen\u00a0 \u2013\u00a0<em>Festival dell\u2019Arte<\/em><\/p>\n","protected":false},"excerpt":{"rendered":"<p>&nbsp; Das\u00a0Wienerklassik Orchester\u00a0 wurde im Jahre 1998 von Solisten bedeutendster Wiener Orchester gegr\u00fcndet. Das Wienerklassik Ensemble hat in jeder Hinsicht einen starken Wien-Bezug: Alle Mitglieder haben hier studiert, alle sind hier bereits seit mehreren Jahren in den wichtigsten und gr\u00f6\u00dften Orchestern t\u00e4tig. In dieser Stadt lernten wir uns kennen und gegenseitig sch\u00e4tzen. Das Wienerklassik Orchester [&hellip;]<\/p>\n","protected":false},"author":1,"featured_media":0,"parent":0,"menu_order":0,"comment_status":"closed","ping_status":"closed","template":"","meta":{"ngg_post_thumbnail":0,"footnotes":""},"class_list":["post-57","page","type-page","status-publish","hentry"],"yoast_head":"<!-- This site is optimized with the Yoast SEO plugin v25.3.1 - https:\/\/yoast.com\/wordpress\/plugins\/seo\/ -->\n<title>Geschichte - Wienerklassik Orchester<\/title>\n<meta name=\"robots\" content=\"index, follow, max-snippet:-1, max-image-preview:large, max-video-preview:-1\" \/>\n<link rel=\"canonical\" href=\"https:\/\/wk.wienerklassik.at\/startseite\/geschichte\/\" \/>\n<meta property=\"og:locale\" content=\"de_DE\" \/>\n<meta property=\"og:type\" content=\"article\" \/>\n<meta property=\"og:title\" content=\"Geschichte - Wienerklassik Orchester\" \/>\n<meta property=\"og:description\" content=\"&nbsp; Das\u00a0Wienerklassik Orchester\u00a0 wurde im Jahre 1998 von Solisten bedeutendster Wiener Orchester gegr\u00fcndet. Das Wienerklassik Ensemble hat in jeder Hinsicht einen starken Wien-Bezug: Alle Mitglieder haben hier studiert, alle sind hier bereits seit mehreren Jahren in den wichtigsten und gr\u00f6\u00dften Orchestern t\u00e4tig. In dieser Stadt lernten wir uns kennen und gegenseitig sch\u00e4tzen. Das Wienerklassik Orchester [&hellip;]\" \/>\n<meta property=\"og:url\" content=\"https:\/\/wk.wienerklassik.at\/startseite\/geschichte\/\" \/>\n<meta property=\"og:site_name\" content=\"Wienerklassik Orchester\" \/>\n<meta property=\"article:publisher\" content=\"https:\/\/www.facebook.com\/profile.php?id=100049067737216\" \/>\n<meta property=\"article:modified_time\" content=\"2025-06-26T19:45:31+00:00\" \/>\n<meta name=\"twitter:card\" content=\"summary_large_image\" \/>\n<meta name=\"twitter:label1\" content=\"Gesch\u00e4tzte Lesezeit\" \/>\n\t<meta name=\"twitter:data1\" content=\"1\u00a0Minute\" \/>\n<script type=\"application\/ld+json\" class=\"yoast-schema-graph\">{\"@context\":\"https:\/\/schema.org\",\"@graph\":[{\"@type\":\"WebPage\",\"@id\":\"https:\/\/wk.wienerklassik.at\/startseite\/geschichte\/\",\"url\":\"https:\/\/wk.wienerklassik.at\/startseite\/geschichte\/\",\"name\":\"Geschichte - Wienerklassik Orchester\",\"isPartOf\":{\"@id\":\"https:\/\/wk.wienerklassik.at\/startseite\/#website\"},\"datePublished\":\"2023-02-05T19:52:03+00:00\",\"dateModified\":\"2025-06-26T19:45:31+00:00\",\"breadcrumb\":{\"@id\":\"https:\/\/wk.wienerklassik.at\/startseite\/geschichte\/#breadcrumb\"},\"inLanguage\":\"de\",\"potentialAction\":[{\"@type\":\"ReadAction\",\"target\":[\"https:\/\/wk.wienerklassik.at\/startseite\/geschichte\/\"]}]},{\"@type\":\"BreadcrumbList\",\"@id\":\"https:\/\/wk.wienerklassik.at\/startseite\/geschichte\/#breadcrumb\",\"itemListElement\":[{\"@type\":\"ListItem\",\"position\":1,\"name\":\"Startseite\",\"item\":\"https:\/\/wk.wienerklassik.at\/startseite\/\"},{\"@type\":\"ListItem\",\"position\":2,\"name\":\"Geschichte\"}]},{\"@type\":\"WebSite\",\"@id\":\"https:\/\/wk.wienerklassik.at\/startseite\/#website\",\"url\":\"https:\/\/wk.wienerklassik.at\/startseite\/\",\"name\":\"Wienerklassik Orchester\",\"description\":\"\",\"publisher\":{\"@id\":\"https:\/\/wk.wienerklassik.at\/startseite\/#organization\"},\"potentialAction\":[{\"@type\":\"SearchAction\",\"target\":{\"@type\":\"EntryPoint\",\"urlTemplate\":\"https:\/\/wk.wienerklassik.at\/startseite\/?s={search_term_string}\"},\"query-input\":{\"@type\":\"PropertyValueSpecification\",\"valueRequired\":true,\"valueName\":\"search_term_string\"}}],\"inLanguage\":\"de\"},{\"@type\":\"Organization\",\"@id\":\"https:\/\/wk.wienerklassik.at\/startseite\/#organization\",\"name\":\"Wienerklassik Orchester\",\"url\":\"https:\/\/wk.wienerklassik.at\/startseite\/\",\"logo\":{\"@type\":\"ImageObject\",\"inLanguage\":\"de\",\"@id\":\"https:\/\/wk.wienerklassik.at\/startseite\/#\/schema\/logo\/image\/\",\"url\":\"https:\/\/wk.wienerklassik.at\/wp-content\/uploads\/2023\/02\/w49b28ba.gif\",\"contentUrl\":\"https:\/\/wk.wienerklassik.at\/wp-content\/uploads\/2023\/02\/w49b28ba.gif\",\"width\":800,\"height\":80,\"caption\":\"Wienerklassik Orchester\"},\"image\":{\"@id\":\"https:\/\/wk.wienerklassik.at\/startseite\/#\/schema\/logo\/image\/\"},\"sameAs\":[\"https:\/\/www.facebook.com\/profile.php?id=100049067737216\",\"https:\/\/www.youtube.com\/c\/WienerklassikOrchesterViennaClassicOrchestra\/featured\"]}]}<\/script>\n<!-- \/ Yoast SEO plugin. -->","yoast_head_json":{"title":"Geschichte - Wienerklassik Orchester","robots":{"index":"index","follow":"follow","max-snippet":"max-snippet:-1","max-image-preview":"max-image-preview:large","max-video-preview":"max-video-preview:-1"},"canonical":"https:\/\/wk.wienerklassik.at\/startseite\/geschichte\/","og_locale":"de_DE","og_type":"article","og_title":"Geschichte - Wienerklassik Orchester","og_description":"&nbsp; Das\u00a0Wienerklassik Orchester\u00a0 wurde im Jahre 1998 von Solisten bedeutendster Wiener Orchester gegr\u00fcndet. Das Wienerklassik Ensemble hat in jeder Hinsicht einen starken Wien-Bezug: Alle Mitglieder haben hier studiert, alle sind hier bereits seit mehreren Jahren in den wichtigsten und gr\u00f6\u00dften Orchestern t\u00e4tig. In dieser Stadt lernten wir uns kennen und gegenseitig sch\u00e4tzen. Das Wienerklassik Orchester [&hellip;]","og_url":"https:\/\/wk.wienerklassik.at\/startseite\/geschichte\/","og_site_name":"Wienerklassik Orchester","article_publisher":"https:\/\/www.facebook.com\/profile.php?id=100049067737216","article_modified_time":"2025-06-26T19:45:31+00:00","twitter_card":"summary_large_image","twitter_misc":{"Gesch\u00e4tzte Lesezeit":"1\u00a0Minute"},"schema":{"@context":"https:\/\/schema.org","@graph":[{"@type":"WebPage","@id":"https:\/\/wk.wienerklassik.at\/startseite\/geschichte\/","url":"https:\/\/wk.wienerklassik.at\/startseite\/geschichte\/","name":"Geschichte - Wienerklassik Orchester","isPartOf":{"@id":"https:\/\/wk.wienerklassik.at\/startseite\/#website"},"datePublished":"2023-02-05T19:52:03+00:00","dateModified":"2025-06-26T19:45:31+00:00","breadcrumb":{"@id":"https:\/\/wk.wienerklassik.at\/startseite\/geschichte\/#breadcrumb"},"inLanguage":"de","potentialAction":[{"@type":"ReadAction","target":["https:\/\/wk.wienerklassik.at\/startseite\/geschichte\/"]}]},{"@type":"BreadcrumbList","@id":"https:\/\/wk.wienerklassik.at\/startseite\/geschichte\/#breadcrumb","itemListElement":[{"@type":"ListItem","position":1,"name":"Startseite","item":"https:\/\/wk.wienerklassik.at\/startseite\/"},{"@type":"ListItem","position":2,"name":"Geschichte"}]},{"@type":"WebSite","@id":"https:\/\/wk.wienerklassik.at\/startseite\/#website","url":"https:\/\/wk.wienerklassik.at\/startseite\/","name":"Wienerklassik Orchester","description":"","publisher":{"@id":"https:\/\/wk.wienerklassik.at\/startseite\/#organization"},"potentialAction":[{"@type":"SearchAction","target":{"@type":"EntryPoint","urlTemplate":"https:\/\/wk.wienerklassik.at\/startseite\/?s={search_term_string}"},"query-input":{"@type":"PropertyValueSpecification","valueRequired":true,"valueName":"search_term_string"}}],"inLanguage":"de"},{"@type":"Organization","@id":"https:\/\/wk.wienerklassik.at\/startseite\/#organization","name":"Wienerklassik Orchester","url":"https:\/\/wk.wienerklassik.at\/startseite\/","logo":{"@type":"ImageObject","inLanguage":"de","@id":"https:\/\/wk.wienerklassik.at\/startseite\/#\/schema\/logo\/image\/","url":"https:\/\/wk.wienerklassik.at\/wp-content\/uploads\/2023\/02\/w49b28ba.gif","contentUrl":"https:\/\/wk.wienerklassik.at\/wp-content\/uploads\/2023\/02\/w49b28ba.gif","width":800,"height":80,"caption":"Wienerklassik Orchester"},"image":{"@id":"https:\/\/wk.wienerklassik.at\/startseite\/#\/schema\/logo\/image\/"},"sameAs":["https:\/\/www.facebook.com\/profile.php?id=100049067737216","https:\/\/www.youtube.com\/c\/WienerklassikOrchesterViennaClassicOrchestra\/featured"]}]}},"_links":{"self":[{"href":"https:\/\/wk.wienerklassik.at\/startseite\/wp-json\/wp\/v2\/pages\/57","targetHints":{"allow":["GET"]}}],"collection":[{"href":"https:\/\/wk.wienerklassik.at\/startseite\/wp-json\/wp\/v2\/pages"}],"about":[{"href":"https:\/\/wk.wienerklassik.at\/startseite\/wp-json\/wp\/v2\/types\/page"}],"author":[{"embeddable":true,"href":"https:\/\/wk.wienerklassik.at\/startseite\/wp-json\/wp\/v2\/users\/1"}],"replies":[{"embeddable":true,"href":"https:\/\/wk.wienerklassik.at\/startseite\/wp-json\/wp\/v2\/comments?post=57"}],"version-history":[{"count":5,"href":"https:\/\/wk.wienerklassik.at\/startseite\/wp-json\/wp\/v2\/pages\/57\/revisions"}],"predecessor-version":[{"id":138,"href":"https:\/\/wk.wienerklassik.at\/startseite\/wp-json\/wp\/v2\/pages\/57\/revisions\/138"}],"wp:attachment":[{"href":"https:\/\/wk.wienerklassik.at\/startseite\/wp-json\/wp\/v2\/media?parent=57"}],"curies":[{"name":"wp","href":"https:\/\/api.w.org\/{rel}","templated":true}]}}